{"id":2,"date":"2026-04-13T15:28:38","date_gmt":"2026-04-13T15:28:38","guid":{"rendered":"https:\/\/sanbongphamhung.site\/?page_id=2"},"modified":"2026-04-18T07:04:52","modified_gmt":"2026-04-18T07:04:52","slug":"trang-chu","status":"publish","type":"page","link":"https:\/\/sanbongphamhung.site\/","title":{"rendered":"trang ch\u1ee7"},"content":{"rendered":"\n<div class=\"slider-wrapper relative\" id=\"slider-1195695217\" style=\"background-color:rgb(24, 96, 161);\">\n    <div class=\"slider slider-nav-circle slider-nav-large slider-nav-light slider-style-normal\"\n        data-flickity-options='{\n            \"cellAlign\": \"center\",\n            \"imagesLoaded\": true,\n            \"lazyLoad\": 1,\n            \"freeScroll\": false,\n            \"wrapAround\": true,\n            \"autoPlay\": 6000,\n            \"pauseAutoPlayOnHover\" : true,\n            \"prevNextButtons\": true,\n            \"contain\" : true,\n            \"adaptiveHeight\" : true,\n            \"dragThreshold\" : 10,\n            \"percentPosition\": true,\n            \"pageDots\": true,\n            \"rightToLeft\": false,\n            \"draggable\": true,\n            \"selectedAttraction\": 0.1,\n            \"parallax\" : 0,\n            \"friction\": 0.6        }'\n        >\n        \n\n<div class=\"row\"  id=\"row-1446325432\">\n\n\n\t<div id=\"col-1821239247\" class=\"col small-12 large-12\"  >\n\t\t\t\t<div class=\"col-inner\"  >\n\t\t\t\n\t\t\t\n\n\t<div id=\"gap-20806484\" class=\"gap-element clearfix\" style=\"display:block; height:auto;\">\n\t\t\n<style>\n#gap-20806484 {\n  padding-top: 30px;\n}\n<\/style>\n\t<\/div>\n\t\n\n\t<div id=\"text-3993508115\" class=\"text\">\n\t\t\n\n<h1 class=\"stk-block-heading__text\" style=\"text-align: center;\"><strong>S\u00e2n B\u00f3ng Ph\u1ea1m H\u00f9ng<\/strong><\/h1>\n\t\t\n<style>\n#text-3993508115 {\n  color: #eeee22;\n}\n#text-3993508115 > * {\n  color: #eeee22;\n}\n<\/style>\n\t<\/div>\n\t\n\n\t\t<\/div>\n\t\t\t\t\t<\/div>\n\n\t\n\n\t<div id=\"col-74709969\" class=\"col small-12 large-12\"  >\n\t\t\t\t<div class=\"col-inner\"  >\n\t\t\t\n\t\t\t\n\n\t<div id=\"text-4263367648\" class=\"text\">\n\t\t\n\n<p style=\"text-align: center;\"><strong>\u0110<\/strong><strong>\u1ecba ch\u1ec9<\/strong> : H\u1ebbm C7D\/17e24, \u0111\u01b0\u1eddng Ph\u1ea1m H\u00f9ng, x\u00e3 B\u00ecnh H\u01b0ng, huy\u1ec7n B\u00ecnh Ch\u00e1nh, TP. H\u1ed3 Ch\u00ed Minh<\/p>\n<p style=\"text-align: center;\"><em>N\u1eb1m g\u1ea7n tr\u1ee5c \u0111\u01b0\u1eddng Ph\u1ea1m H\u00f9ng, khu n\u00e0y kh\u00e1 d\u1ec5 t\u00ecm v\u00e0 di chuy\u1ec3n t\u1eeb Qu\u1eadn 7, Qu\u1eadn 8 ho\u1eb7c khu Nam S\u00e0i G\u00f2n.<\/em><\/p>\n\t\t\n<style>\n#text-4263367648 {\n  color: #ffffff;\n}\n#text-4263367648 > * {\n  color: #ffffff;\n}\n<\/style>\n\t<\/div>\n\t\n\n\t\t<\/div>\n\t\t\t\t\t<\/div>\n\n\t\n\n\t<div id=\"col-1812585066\" class=\"col small-12 large-12\"  >\n\t\t\t\t<div class=\"col-inner text-center\"  >\n\t\t\t\n\t\t\t\n\n<a class=\"button primary\"  style=\"border-radius:99px;\">\n\t\t<span>\u0110\u1eb7t s\u00e2n ngay<\/span>\n\t<\/a>\n\n\n\n\t\t<\/div>\n\t\t\t\t\t<\/div>\n\n\t\n\n<\/div>\n\n     <\/div>\n\n     <div class=\"loading-spin dark large centered\"><\/div>\n\n\t<\/div>\n\n\n\n\t<section class=\"section\" id=\"section_286311961\">\n\t\t<div class=\"section-bg fill\" >\n\t\t\t\t\t\t\t\t\t\n\t\t\t\n\n\t\t<\/div>\n\n\t\t\n\n\t\t<div class=\"section-content relative\">\n\t\t\t\n\n<div class=\"row\"  id=\"row-408923765\">\n\n\n\t<div id=\"col-709676990\" class=\"col medium-8 small-12 large-8\"  >\n\t\t\t\t<div class=\"col-inner\"  >\n\t\t\t\n\t\t\t\n\n\t<div id=\"text-1250607857\" class=\"text\">\n\t\t\n\n<h2 data-section-id=\"12w2eg2\" data-start=\"0\" data-end=\"50\"><strong>S\u00e2n b\u00f3ng \u0111\u00e1 Ph\u1ea1m H\u00f9ng v\u00e0 nh\u1eefng ti\u1ec7n \u00edch hi\u1ec7n c\u00f3<\/strong><\/h2>\n<p data-start=\"52\" data-end=\"300\">S\u00e2n b\u00f3ng \u0111\u00e1 Ph\u1ea1m H\u00f9ng l\u00e0 l\u1ef1a ch\u1ecdn quen thu\u1ed9c c\u1ee7a nhi\u1ec1u ng\u01b0\u1eddi y\u00eau th\u00edch th\u1ec3 thao t\u1ea1i khu v\u1ef1c TP.HCM, nh\u1edd c\u01a1 s\u1edf v\u1eadt ch\u1ea5t t\u1ed1t v\u00e0 d\u1ecbch v\u1ee5 ti\u1ec7n l\u1ee3i. N\u01a1i \u0111\u00e2y \u0111\u00e1p \u1ee9ng \u0111\u1ea7y \u0111\u1ee7 nhu c\u1ea7u t\u1eeb luy\u1ec7n t\u1eadp c\u00e1 nh\u00e2n \u0111\u1ebfn thi \u0111\u1ea5u \u0111\u1ed9i nh\u00f3m v\u1edbi nhi\u1ec1u ti\u1ec7n \u00edch n\u1ed5i b\u1eadt nh\u01b0:<\/p>\n<ul data-start=\"302\" data-end=\"696\" data-is-last-node=\"\" data-is-only-node=\"\">\n<li data-section-id=\"wulc40\" data-start=\"302\" data-end=\"363\">M\u1eb7t s\u00e2n c\u1ecf nh\u00e2n t\u1ea1o ch\u1ea5t l\u01b0\u1ee3ng, \u00eam v\u00e0 an to\u00e0n khi thi \u0111\u1ea5u<\/li>\n<li data-section-id=\"yi0erv\" data-start=\"364\" data-end=\"428\">H\u1ec7 th\u1ed1ng \u0111\u00e8n chi\u1ebfu s\u00e1ng hi\u1ec7n \u0111\u1ea1i, ph\u1ee5c v\u1ee5 ch\u01a1i b\u00f3ng bu\u1ed5i t\u1ed1i<\/li>\n<li data-section-id=\"vgaznq\" data-start=\"429\" data-end=\"498\">Khu v\u1ef1c ngh\u1ec9 ng\u01a1i tho\u00e1ng m\u00e1t, ti\u1ec7n cho c\u00e1c \u0111\u1ed9i th\u01b0 gi\u00e3n gi\u1eefa tr\u1eadn<\/li>\n<li data-section-id=\"axvldm\" data-start=\"499\" data-end=\"556\">B\u00e3i gi\u1eef xe r\u1ed9ng r\u00e3i, thu\u1eadn ti\u1ec7n cho c\u1ea3 xe m\u00e1y v\u00e0 \u00f4 t\u00f4<\/li>\n<li data-section-id=\"1x5ajzs\" data-start=\"557\" data-end=\"628\">D\u1ecbch v\u1ee5 cho thu\u00ea s\u00e2n linh ho\u1ea1t theo gi\u1edd, h\u1ed7 tr\u1ee3 \u0111\u1eb7t s\u00e2n nhanh ch\u00f3ng<\/li>\n<li data-section-id=\"6k2d87\" data-start=\"629\" data-end=\"696\" data-is-last-node=\"\">Ph\u00f9 h\u1ee3p t\u1ed5 ch\u1ee9c c\u00e1c tr\u1eadn giao h\u1eefu, gi\u1ea3i \u0111\u1ea5u phong tr\u00e0o quy m\u00f4 nh\u1ecf<\/li>\n<\/ul>\n\t\t\n<style>\n#text-1250607857 {\n  font-size: 0.85rem;\n}\n<\/style>\n\t<\/div>\n\t\n\n\t\t<\/div>\n\t\t\t\t\t<\/div>\n\n\t\n\n\t<div id=\"col-1583585168\" class=\"col medium-4 small-12 large-4\"  >\n\t\t\t\t<div class=\"col-inner\"  >\n\t\t\t\n\t\t\t\n\n\t<div class=\"img has-hover x md-x lg-x y md-y lg-y\" id=\"image_712319839\">\n\t\t\t\t\t\t\t\t<div class=\"img-inner dark\" >\n\t\t\t<img loading=\"lazy\" decoding=\"async\" width=\"1200\" height=\"900\" src=\"https:\/\/sanbongphamhung.site\/wp-content\/uploads\/2026\/04\/san-bong-da-pham-hung-2-5.webp\" class=\"attachment-original size-original\" alt=\"s\u00e2n b\u00f3ng \u0111\u00e1 Ph\u1ea1m H\u00f9ng\" srcset=\"https:\/\/sanbongphamhung.site\/wp-content\/uploads\/2026\/04\/san-bong-da-pham-hung-2-5.webp 1200w, https:\/\/sanbongphamhung.site\/wp-content\/uploads\/2026\/04\/san-bong-da-pham-hung-2-5-300x225.webp 300w, https:\/\/sanbongphamhung.site\/wp-content\/uploads\/2026\/04\/san-bong-da-pham-hung-2-5-1024x768.webp 1024w, https:\/\/sanbongphamhung.site\/wp-content\/uploads\/2026\/04\/san-bong-da-pham-hung-2-5-768x576.webp 768w\" sizes=\"auto, (max-width: 1200px) 100vw, 1200px\" \/>\t\t\t\t\t\t\n\t\t\t\t\t<\/div>\n\t\t\t\t\t\t\t\t\n<style>\n#image_712319839 {\n  width: 100%;\n}\n<\/style>\n\t<\/div>\n\t\n\n\n\t\t<\/div>\n\t\t\t\t\t<\/div>\n\n\t\n\n<\/div>\n<div class=\"row\"  id=\"row-935186171\">\n\n\n\t<div id=\"col-1191822881\" class=\"col small-12 large-12\"  >\n\t\t\t\t<div class=\"col-inner text-center\"  >\n\t\t\t\n\t\t\t\n\n<h2><strong>C\u00e1c ho\u1ea1t \u0111\u1ed9ng c\u00f3 t\u1ea1i <span data-sheets-root=\"1\">S\u00e2n B\u00f3ng Ph\u1ea1m H\u00f9ng<\/span><\/strong><\/h2>\n<p>S\u00e2n b\u00f3ng Ph\u1ea1m H\u00f9ng kh\u00f4ng ch\u1ec9 l\u00e0 n\u01a1i thi \u0111\u1ea5u m\u00e0 c\u00f2n l\u00e0 kh\u00f4ng gian sinh ho\u1ea1t th\u1ec3 thao n\u0103ng \u0111\u1ed9ng, ph\u00f9 h\u1ee3p cho nhi\u1ec1u m\u1ee5c \u0111\u00edch kh\u00e1c nhau t\u1eeb gi\u1ea3i tr\u00ed \u0111\u1ebfn r\u00e8n luy\u1ec7n chuy\u00ean s\u00e2u:<\/p>\n\n\t\t<\/div>\n\t\t\t\t\t<\/div>\n\n\t\n\n\t<div id=\"col-1974390395\" class=\"col medium-4 small-12 large-4\"  >\n\t\t\t\t<div class=\"col-inner\"  >\n\t\t\t\n\t\t\t\n\n\t<div id=\"text-3792480832\" class=\"text home-content\">\n\t\t\n\n<h3 class=\"wp-block-heading has-text-align-center has-medium-font-size\" style=\"text-align: center;\"><strong>T\u1ed5 ch\u1ee9c gi\u1ea3i \u0111\u1ea5u v\u00e0 s\u1ef1 ki\u1ec7n<\/strong><\/h3>\n<p>S\u00e2n th\u01b0\u1eddng xuy\u00ean \u0111\u01b0\u1ee3c l\u1ef1a ch\u1ecdn \u0111\u1ec3 t\u1ed5 ch\u1ee9c c\u00e1c gi\u1ea3i b\u00f3ng \u0111\u00e1 phong tr\u00e0o, giao h\u1eefu gi\u1eefa c\u00e1c \u0111\u1ed9i b\u00f3ng, doanh nghi\u1ec7p ho\u1eb7c nh\u00f3m b\u1ea1n. Kh\u00f4ng gian r\u1ed9ng r\u00e3i c\u00f9ng h\u1ec7 th\u1ed1ng chi\u1ebfu s\u00e1ng t\u1ed1t gi\u00fap c\u00e1c s\u1ef1 ki\u1ec7n di\u1ec5n ra chuy\u00ean nghi\u1ec7p, s\u00f4i \u0111\u1ed9ng.<\/p>\n\t\t\t<\/div>\n\t\n\n\t\t<\/div>\n\t\t\t\t\t<\/div>\n\n\t\n\n\t<div id=\"col-76369696\" class=\"col medium-4 small-12 large-4\"  >\n\t\t\t\t<div class=\"col-inner\"  >\n\t\t\t\n\t\t\t\n\n\t<div id=\"text-1161572193\" class=\"text home-content\">\n\t\t\n\n<h3 class=\"wp-block-heading has-text-align-center has-medium-font-size\" style=\"text-align: center;\"><strong>T\u1eadp luy\u1ec7n \u0111\u1ecbnh k\u1ef3<\/strong><\/h3>\n<p>Nhi\u1ec1u \u0111\u1ed9i b\u00f3ng v\u00e0 c\u00e1 nh\u00e2n ch\u1ecdn s\u00e2n l\u00e0m n\u01a1i t\u1eadp luy\u1ec7n h\u00e0ng tu\u1ea7n nh\u1edd ch\u1ea5t l\u01b0\u1ee3ng m\u1eb7t s\u00e2n \u1ed5n \u0111\u1ecbnh v\u00e0 m\u00f4i tr\u01b0\u1eddng tho\u1ea3i m\u00e1i. \u0110\u00e2y l\u00e0 n\u01a1i l\u00fd t\u01b0\u1edfng \u0111\u1ec3 n\u00e2ng cao k\u1ef9 n\u0103ng, th\u1ec3 l\u1ef1c v\u00e0 duy tr\u00ec th\u00f3i quen v\u1eadn \u0111\u1ed9ng.<\/p>\n\t\t\t<\/div>\n\t\n\n\t\t<\/div>\n\t\t\t\t\t<\/div>\n\n\t\n\n\t<div id=\"col-1461369753\" class=\"col home-content medium-4 small-12 large-4\"  >\n\t\t\t\t<div class=\"col-inner\"  >\n\t\t\t\n\t\t\t\n\n<h3 class=\"wp-block-heading has-text-align-center has-medium-font-size\" style=\"text-align: center;\"><strong>T\u1ed5 ch\u1ee9c gi\u1ea3i \u0111\u1ea5u<\/strong><\/h3>\n<p class=\"stk-block-heading__text\">Ngo\u00e0i c\u00e1c s\u1ef1 ki\u1ec7n l\u1edbn, s\u00e2n c\u0169ng h\u1ed7 tr\u1ee3 t\u1ed5 ch\u1ee9c c\u00e1c gi\u1ea3i \u0111\u1ea5u nh\u1ecf, n\u1ed9i b\u1ed9 nh\u01b0 gi\u1ea3i c\u00f4ng ty, l\u1edbp h\u1ecdc ho\u1eb7c c\u00e2u l\u1ea1c b\u1ed9. D\u1ecbch v\u1ee5 \u0111\u1eb7t s\u00e2n linh ho\u1ea1t gi\u00fap vi\u1ec7c l\u00ean k\u1ebf ho\u1ea1ch thi \u0111\u1ea5u tr\u1edf n\u00ean d\u1ec5 d\u00e0ng v\u00e0 thu\u1eadn ti\u1ec7n h\u01a1n.<\/p>\n\n\t\t<\/div>\n\t\t\t\t\t<\/div>\n\n\t\n\n<\/div>\n\n\t\t<\/div>\n\n\t\t\n<style>\n#section_286311961 {\n  padding-top: 30px;\n  padding-bottom: 30px;\n}\n<\/style>\n\t<\/section>\n\t\n\n","protected":false},"excerpt":{"rendered":"","protected":false},"author":1,"featured_media":0,"parent":0,"menu_order":0,"comment_status":"closed","ping_status":"closed","template":"page-blank.php","meta":{"footnotes":""},"class_list":["post-2","page","type-page","status-publish","hentry"],"_links":{"self":[{"href":"https:\/\/sanbongphamhung.site\/index.php\/wp-json\/wp\/v2\/pages\/2","targetHints":{"allow":["GET"]}}],"collection":[{"href":"https:\/\/sanbongphamhung.site\/index.php\/wp-json\/wp\/v2\/pages"}],"about":[{"href":"https:\/\/sanbongphamhung.site\/index.php\/wp-json\/wp\/v2\/types\/page"}],"author":[{"embeddable":true,"href":"https:\/\/sanbongphamhung.site\/index.php\/wp-json\/wp\/v2\/users\/1"}],"replies":[{"embeddable":true,"href":"https:\/\/sanbongphamhung.site\/index.php\/wp-json\/wp\/v2\/comments?post=2"}],"version-history":[{"count":12,"href":"https:\/\/sanbongphamhung.site\/index.php\/wp-json\/wp\/v2\/pages\/2\/revisions"}],"predecessor-version":[{"id":59,"href":"https:\/\/sanbongphamhung.site\/index.php\/wp-json\/wp\/v2\/pages\/2\/revisions\/59"}],"wp:attachment":[{"href":"https:\/\/sanbongphamhung.site\/index.php\/wp-json\/wp\/v2\/media?parent=2"}],"curies":[{"name":"wp","href":"https:\/\/api.w.org\/{rel}","templated":true}]}}